{"id":8499,"date":"2025-03-19T10:09:43","date_gmt":"2025-03-19T08:09:43","guid":{"rendered":"https:\/\/anfisabeautycoach.com\/?page_id=8499"},"modified":"2026-01-13T21:39:24","modified_gmt":"2026-01-13T19:39:24","slug":"my-courses","status":"publish","type":"page","link":"https:\/\/anfisabeautycoach.com\/en\/my-courses\/","title":{"rendered":"My courses"},"content":{"rendered":"<p><a href=\"https:\/\/anfisabeautycoach.com\/en\/?page_id=7459\">Intenz\u00edv arcj\u00f3ga kurzus (\u00daJ)<\/a><\/p>\n<p><a href=\"https:\/\/anfisabeautycoach.com\/en\/beauty-meditation\/\">Beauty Medit\u00e1ci\u00f3<\/a><\/p>\n<p><a href=\"https:\/\/anfisabeautycoach.com\/kinezio-tape-kurzus\/\">Kinesio-tape kurzus<\/a><\/p>\n<p>&nbsp;<\/p>\n","protected":false},"excerpt":{"rendered":"<p>Intenz\u00edv arcj\u00f3ga kurzus (\u00daJ) Beauty Medit\u00e1ci\u00f3 Kinesio-tape kurzus &nbsp;<\/p>\n","protected":false},"author":597,"featured_media":0,"parent":0,"menu_order":0,"comment_status":"closed","ping_status":"closed","template":"","meta":{"_coblocks_attr":"","_coblocks_dimensions":"","_coblocks_responsive_height":"","_coblocks_accordion_ie_support":"","footnotes":""},"class_list":["post-8499","page","type-page","status-publish","hentry"],"_links":{"self":[{"href":"https:\/\/anfisabeautycoach.com\/en\/wp-json\/wp\/v2\/pages\/8499","targetHints":{"allow":["GET"]}}],"collection":[{"href":"https:\/\/anfisabeautycoach.com\/en\/wp-json\/wp\/v2\/pages"}],"about":[{"href":"https:\/\/anfisabeautycoach.com\/en\/wp-json\/wp\/v2\/types\/page"}],"author":[{"embeddable":true,"href":"https:\/\/anfisabeautycoach.com\/en\/wp-json\/wp\/v2\/users\/597"}],"replies":[{"embeddable":true,"href":"https:\/\/anfisabeautycoach.com\/en\/wp-json\/wp\/v2\/comments?post=8499"}],"version-history":[{"count":1,"href":"https:\/\/anfisabeautycoach.com\/en\/wp-json\/wp\/v2\/pages\/8499\/revisions"}],"predecessor-version":[{"id":8500,"href":"https:\/\/anfisabeautycoach.com\/en\/wp-json\/wp\/v2\/pages\/8499\/revisions\/8500"}],"wp:attachment":[{"href":"https:\/\/anfisabeautycoach.com\/en\/wp-json\/wp\/v2\/media?parent=8499"}],"curies":[{"name":"wp","href":"https:\/\/api.w.org\/{rel}","templated":true}]}}