{"id":3230,"date":"2021-02-24T12:33:38","date_gmt":"2021-02-24T10:33:38","guid":{"rendered":"https:\/\/anfisabeautycoach.com\/21-day-facial-massage-course-6-day\/"},"modified":"2023-10-05T11:22:32","modified_gmt":"2023-10-05T09:22:32","slug":"21-day-facial-massage-course-6-day","status":"publish","type":"page","link":"https:\/\/anfisabeautycoach.com\/en\/21-day-facial-massage-course-6-day\/","title":{"rendered":"21-day facial massage course &#8211; 6. day"},"content":{"rendered":"<p>[vc_row][vc_column][vc_column_text css_animation=&#8221;fadeIn&#8221;]<\/p>\n<h1 style=\"text-align: center;\">Day 6 &#8211; Eye and eye area<\/h1>\n<p>[\/vc_column_text][vc_column_text css_animation=&#8221;fadeIn&#8221;]<\/p>\n<p style=\"text-align: center;\"><em>Viewing my course videos may incur data charges from your telephone company.<\/em><\/p>\n<p>[\/vc_column_text][vc_column_text css_animation=&#8221;fadeIn&#8221;]<\/p>\n<p><center><div style=\"width: 640px;\" class=\"wp-video\"><!--[if lt IE 9]><script>document.createElement('video');<\/script><![endif]-->\n<video class=\"wp-video-shortcode\" id=\"video-3230-1\" width=\"640\" height=\"360\" preload=\"metadata\" controls=\"controls\"><source type=\"video\/mp4\" src=\"https:\/\/anfisabeautycoach.com\/c6aR5t1Egy\/1061449795_x264.mp4?_=1\" \/><a href=\"https:\/\/anfisabeautycoach.com\/c6aR5t1Egy\/1061449795_x264.mp4\">https:\/\/anfisabeautycoach.com\/c6aR5t1Egy\/1061449795_x264.mp4<\/a><\/video><\/div>\n<p>&nbsp;<\/p>\n<p>&nbsp;<\/p>\n<p><\/center>[\/vc_column_text][vc_column_text css_animation=&#8221;fadeIn&#8221;]Today we focused on the eyes, which is also a prominent part of our face. Our mimic wrinkles come out over time, and many can wake up with morning puffiness. Many times we have black eye rings (this can be a genetic phenomenon as well) but with the help of face yoga we can also treat this area very nicely.<\/p>\n<p><strong>Do you have any lesions around your eyes? What do you want to improve?<\/strong><\/p>\n<div class=\"wpforms-container wpforms-container-full\" id=\"wpforms-664\"><form id=\"wpforms-form-664\" class=\"wpforms-validate wpforms-form wpforms-ajax-form\" data-formid=\"664\" method=\"post\" enctype=\"multipart\/form-data\" action=\"\/en\/wp-json\/wp\/v2\/pages\/3230\" data-token=\"69020930c903ffed02622a06e49549e0\"><noscript class=\"wpforms-error-noscript\">Please enable JavaScript in your browser to complete this form.<\/noscript><div class=\"wpforms-field-container\"><div id=\"wpforms-664-field_1-container\" class=\"wpforms-field wpforms-field-text\" data-field-id=\"1\"><label class=\"wpforms-field-label wpforms-label-hide\" for=\"wpforms-664-field_1\">Single Line Text <span class=\"wpforms-required-label\">*<\/span><\/label><input type=\"text\" id=\"wpforms-664-field_1\" class=\"wpforms-field-medium wpforms-field-required\" name=\"wpforms[fields][1]\" required><\/div><\/div><div class=\"wpforms-submit-container\"><input type=\"hidden\" name=\"wpforms[id]\" value=\"664\"><input type=\"hidden\" name=\"wpforms[author]\" value=\"597\"><button type=\"submit\" name=\"wpforms[submit]\" id=\"wpforms-submit-664\" class=\"wpforms-submit\" data-alt-text=\"Bek\u00fcld\u00e9s folyamatban...\" data-submit-text=\"V\u00e1lasz bek\u00fcld\u00e9se\" aria-live=\"assertive\" value=\"wpforms-submit\">V\u00e1lasz bek\u00fcld\u00e9se<\/button><img loading=\"lazy\" decoding=\"async\" src=\"https:\/\/anfisabeautycoach.com\/wp-content\/plugins\/wpforms\/assets\/images\/submit-spin.svg\" class=\"wpforms-submit-spinner\" style=\"display: none;\" width=\"26\" height=\"26\" alt=\"\"><\/div><\/form><\/div>  <!-- .wpforms-container -->[\/vc_column_text][vc_row_inner][vc_column_inner width=&#8221;1\/2&#8243;][vc_btn title=&#8221;5 days&#8221; color=&#8221;chino&#8221; align=&#8221;left&#8221; i_icon_fontawesome=&#8221;fas fa-angle-double-left&#8221; css_animation=&#8221;fadeIn&#8221; add_icon=&#8221;true&#8221; link=&#8221;url:https%3A%2F%2Fanfisabeautycoach.com%2Fen%2F%3Fpage_id%3D3118|&#8221;][\/vc_column_inner][vc_column_inner width=&#8221;1\/2&#8243;][vc_btn title=&#8221;7 days&#8221; color=&#8221;chino&#8221; align=&#8221;right&#8221; i_align=&#8221;right&#8221; i_icon_fontawesome=&#8221;fas fa-angle-double-right&#8221; css_animation=&#8221;fadeIn&#8221; add_icon=&#8221;true&#8221; link=&#8221;url:https%3A%2F%2Fanfisabeautycoach.com%2F21nap-52%2F|&#8221;][\/vc_column_inner][\/vc_row_inner][\/vc_column][\/vc_row]<\/p>\n","protected":false},"excerpt":{"rendered":"<p>[vc_row][vc_column][vc_column_text css_animation=&#8221;fadeIn&#8221;] Day 6 &#8211; Eye and eye area [\/vc_column_text][vc_column_text css_animation=&#8221;fadeIn&#8221;] Viewing my course videos may incur data charges from your telephone company. [\/vc_column_text][vc_column_text css_animation=&#8221;fadeIn&#8221;]&hellip;<\/p>\n","protected":false},"author":597,"featured_media":0,"parent":0,"menu_order":0,"comment_status":"closed","ping_status":"closed","template":"","meta":{"_coblocks_attr":"","_coblocks_dimensions":"","_coblocks_responsive_height":"","_coblocks_accordion_ie_support":"","footnotes":""},"class_list":["post-3230","page","type-page","status-publish","hentry"],"_links":{"self":[{"href":"https:\/\/anfisabeautycoach.com\/en\/wp-json\/wp\/v2\/pages\/3230","targetHints":{"allow":["GET"]}}],"collection":[{"href":"https:\/\/anfisabeautycoach.com\/en\/wp-json\/wp\/v2\/pages"}],"about":[{"href":"https:\/\/anfisabeautycoach.com\/en\/wp-json\/wp\/v2\/types\/page"}],"author":[{"embeddable":true,"href":"https:\/\/anfisabeautycoach.com\/en\/wp-json\/wp\/v2\/users\/597"}],"replies":[{"embeddable":true,"href":"https:\/\/anfisabeautycoach.com\/en\/wp-json\/wp\/v2\/comments?post=3230"}],"version-history":[{"count":12,"href":"https:\/\/anfisabeautycoach.com\/en\/wp-json\/wp\/v2\/pages\/3230\/revisions"}],"predecessor-version":[{"id":5382,"href":"https:\/\/anfisabeautycoach.com\/en\/wp-json\/wp\/v2\/pages\/3230\/revisions\/5382"}],"wp:attachment":[{"href":"https:\/\/anfisabeautycoach.com\/en\/wp-json\/wp\/v2\/media?parent=3230"}],"curies":[{"name":"wp","href":"https:\/\/api.w.org\/{rel}","templated":true}]}}